{"id":1045,"date":"2018-04-24T07:53:08","date_gmt":"2018-04-24T07:53:08","guid":{"rendered":"http:\/\/www.ae2-arco.es\/metodos-de-compra\/"},"modified":"2025-06-16T16:09:36","modified_gmt":"2025-06-16T14:09:36","slug":"purchase-methods","status":"publish","type":"page","link":"https:\/\/www.ae2-arco.es\/en\/purchase-methods\/","title":{"rendered":"PURCHASE METHODS"},"content":{"rendered":"<div class=\"fusion-fullwidth fullwidth-box fusion-builder-row-1 nonhundred-percent-fullwidth non-hundred-percent-height-scrolling\" style=\"--awb-border-radius-top-left:0px;--awb-border-radius-top-right:0px;--awb-border-radius-bottom-right:0px;--awb-border-radius-bottom-left:0px;--awb-flex-wrap:wrap;\" ><div class=\"fusion-builder-row fusion-row\"><div class=\"fusion-layout-column fusion_builder_column fusion-builder-column-0 fusion_builder_column_1_2 1_2 fusion-one-half fusion-column-first\" style=\"--awb-bg-size:cover;width:50%;width:calc(50% - ( ( 4% ) * 0.5 ) );margin-right: 4%;\"><div class=\"fusion-column-wrapper fusion-flex-column-wrapper-legacy\"><div class=\"fusion-text fusion-text-1\"><h1>M\u00e9todos de Compra<\/h1>\n<h3><span style=\"color: #1ea598;\">AE2\u00a0ofrece las siguientes formas de pago:<\/span><\/h3>\n<p><strong>Transferencia Bancaria<\/strong>:<\/p>\n<p>El pago \u00edntegro ha de ser realizado por adelantado a trav\u00e9s de una <span style=\"color: #1ea598;\">transferencia bancaria<\/span> tras finalizar su pedido.<\/p>\n<p>El env\u00edo se realizar\u00e1 una vez recibido el ingreso en nuestra cuenta bancaria, siempre y cuando se hayan solicitado productos con disponibilidad inmediata.\u00a0Hay que tener en cuenta\u00a0que algunos bancos pueden tardar 1-2 d\u00edas en hacer efectiva la transferencia.<\/p>\n<p>La mercanc\u00eda se entregar\u00e1\u00a0exclusivamente en d\u00edas laborales (lunes a viernes).<\/p>\n<p><span style=\"color: #1ea598;\"><strong>IBERCAJA<\/strong><\/span><\/p>\n<p>Cuenta Bancaria: ES21 2085-1017-20-0330598728<\/p>\n<p><strong><span style=\"color: #333333;\">Tarjeta de cr\u00e9dito:<\/span><\/strong><\/p>\n<p>Puede\u00a0pagar su pedido con tarjeta de cr\u00e9dito, mediante <span style=\"color: #1ea598;\">Comercio Electr\u00f3nico Seguro<\/span> (CES). Aceptamos: Visa, MasterCard.<\/p>\n<p><a href=\"http:\/\/www.mastercard.com\/us\/personal\/es\/servicios\/codigodeseguridad\/index.html\">http:\/\/www.mastercard.com\/us\/personal\/es\/servicios\/codigodeseguridad\/index.html<\/a><\/p>\n<p><a href=\"http:\/\/www.visaeurope.es\/es\/utilice_su_visa\/compre_en_internet.aspx\">http:\/\/www.visaeurope.es\/es\/utilice_su_visa\/compre_en_internet.aspx<\/a><\/p>\n<p>La mercanc\u00eda se entregar\u00e1\u00a0exclusivamente en d\u00edas laborales (lunes a viernes).<\/p>\n<p><strong>Contra reembolso:<\/strong><\/p>\n<p>Pagar\u00e1 a la recepci\u00f3n del pedido en el momento de la entrega. Tenga en cuenta, que este m\u00e9todo de pago, tiene un <span style=\"color: #1ea598;\">coste adicional<\/span> de un 5,5 % del importe del pedido.<\/p>\n<\/div><div class=\"fusion-clearfix\"><\/div><\/div><\/div><div class=\"fusion-layout-column fusion_builder_column fusion-builder-column-1 fusion_builder_column_1_2 1_2 fusion-one-half fusion-column-last\" style=\"--awb-bg-size:cover;width:50%;width:calc(50% - ( ( 4% ) * 0.5 ) );\"><div class=\"fusion-column-wrapper fusion-flex-column-wrapper-legacy\"><div class=\"fusion-text fusion-text-2\"><h1>Purchase Methods<\/h1>\n<h3><span style=\"color: #1ea598;\"> AE2 offers the following forms of payment: <\/span><\/h3>\n<p><strong> Bank transfer <\/strong>:<\/p>\n<p>The full payment must be made in advance through a <span style=\"color: #1ea598;\"> bank transfer <\/span> after finalizing your order.<\/p>\n<p>The shipment will be made upon receipt of the deposit in our bank account, provided that products with immediate availability have been requested. Keep in mind that some banks may take 1-2 days to make the transfer effective.<\/p>\n<p>The merchandise will be delivered exclusively on working days (Monday to Friday).<\/p>\n<p><span style=\"color: #1ea598;\"><strong> IBERCAJA <\/strong> <\/span><\/p>\n<p>Bank Account: ES21 2085-1017-20-0330598728<\/p>\n<p><strong> <span style=\"color: # 333333;\"> Credit card: <\/span> <\/strong><\/p>\n<p>You can pay for your order by credit card, using <span style=\"color: #1ea598;\"> Secure Electronic Commerce <\/span> (CES). We accept: Visa, MasterCard.<\/p>\n<p><a href=\"http:\/\/www.mastercard.com\/us\/personal\/es\/servicios\/codigodeseguridad\/index.html\"> http:\/\/www.mastercard.com\/us\/personal\/es\/servicios\/codigodeseguridad\/ index.html <\/a><\/p>\n<p><a href=\"http:\/\/www.visaeurope.es\/es\/utilice_su_visa\/compre_en_internet.aspx\"> http:\/\/www.visaeurope.es\/en\/utilice_su_visa\/compre_en_internet.aspx <\/a><\/p>\n<p>The merchandise will be delivered exclusively on working days (Monday to Friday).<\/p>\n<p><strong> Cash on delivery: <\/strong><\/p>\n<p>Will pay upon receipt of the order at the time of delivery. Please note that this payment method has a <span style=\"color: #1ea598;\"> additional cost <\/span> of 5,5 % of the order amount.<\/p>\n<\/div><div class=\"fusion-clearfix\"><\/div><\/div><\/div><\/div><\/div>\n","protected":false},"excerpt":{"rendered":"","protected":false},"author":1,"featured_media":0,"parent":0,"menu_order":0,"comment_status":"closed","ping_status":"closed","template":"","meta":{"footnotes":""},"class_list":["post-1045","page","type-page","status-publish","hentry"],"yoast_head":"<!-- This site is optimized with the Yoast SEO plugin v27.5 - https:\/\/yoast.com\/product\/yoast-seo-wordpress\/ -->\n<title>PURCHASE METHODS - Ae2-arco<\/title>\n<meta name=\"description\" content=\"Discover our available purchase methods, including secure payment options and flexible checkout processes for a smooth shopping experience.\" \/>\n<meta name=\"robots\" content=\"index, follow, max-snippet:-1, max-image-preview:large, max-video-preview:-1\" \/>\n<link rel=\"canonical\" href=\"https:\/\/www.ae2-arco.es\/en\/purchase-methods\/\" \/>\n<meta property=\"og:locale\" content=\"en_US\" \/>\n<meta property=\"og:type\" content=\"article\" \/>\n<meta property=\"og:title\" content=\"PURCHASE METHODS - Ae2-arco\" \/>\n<meta property=\"og:description\" content=\"Discover our available purchase methods, including secure payment options and flexible checkout processes for a smooth shopping experience.\" \/>\n<meta property=\"og:url\" content=\"https:\/\/www.ae2-arco.es\/en\/purchase-methods\/\" \/>\n<meta property=\"og:site_name\" content=\"Ae2-arco\" \/>\n<meta property=\"article:modified_time\" content=\"2025-06-16T14:09:36+00:00\" \/>\n<meta name=\"twitter:card\" content=\"summary_large_image\" \/>\n<meta name=\"twitter:label1\" content=\"Est. reading time\" \/>\n\t<meta name=\"twitter:data1\" content=\"2 minutes\" \/>\n<script type=\"application\/ld+json\" class=\"yoast-schema-graph\">{\"@context\":\"https:\\\/\\\/schema.org\",\"@graph\":[{\"@type\":\"WebPage\",\"@id\":\"https:\\\/\\\/www.ae2-arco.es\\\/en\\\/purchase-methods\\\/\",\"url\":\"https:\\\/\\\/www.ae2-arco.es\\\/en\\\/purchase-methods\\\/\",\"name\":\"PURCHASE METHODS - Ae2-arco\",\"isPartOf\":{\"@id\":\"https:\\\/\\\/www.ae2-arco.es\\\/en\\\/#website\"},\"datePublished\":\"2018-04-24T07:53:08+00:00\",\"dateModified\":\"2025-06-16T14:09:36+00:00\",\"description\":\"Discover our available purchase methods, including secure payment options and flexible checkout processes for a smooth shopping experience.\",\"breadcrumb\":{\"@id\":\"https:\\\/\\\/www.ae2-arco.es\\\/en\\\/purchase-methods\\\/#breadcrumb\"},\"inLanguage\":\"en-US\",\"potentialAction\":[{\"@type\":\"ReadAction\",\"target\":[\"https:\\\/\\\/www.ae2-arco.es\\\/en\\\/purchase-methods\\\/\"]}]},{\"@type\":\"BreadcrumbList\",\"@id\":\"https:\\\/\\\/www.ae2-arco.es\\\/en\\\/purchase-methods\\\/#breadcrumb\",\"itemListElement\":[{\"@type\":\"ListItem\",\"position\":1,\"name\":\"Portada\",\"item\":\"https:\\\/\\\/www.ae2-arco.es\\\/en\\\/\"},{\"@type\":\"ListItem\",\"position\":2,\"name\":\"PURCHASE METHODS\"}]},{\"@type\":\"WebSite\",\"@id\":\"https:\\\/\\\/www.ae2-arco.es\\\/en\\\/#website\",\"url\":\"https:\\\/\\\/www.ae2-arco.es\\\/en\\\/\",\"name\":\"Ae2-arco\",\"description\":\"Desarrollo y Dise\u00f1o\",\"potentialAction\":[{\"@type\":\"SearchAction\",\"target\":{\"@type\":\"EntryPoint\",\"urlTemplate\":\"https:\\\/\\\/www.ae2-arco.es\\\/en\\\/?s={search_term_string}\"},\"query-input\":{\"@type\":\"PropertyValueSpecification\",\"valueRequired\":true,\"valueName\":\"search_term_string\"}}],\"inLanguage\":\"en-US\"}]}<\/script>\n<!-- \/ Yoast SEO plugin. -->","yoast_head_json":{"title":"PURCHASE METHODS - Ae2-arco","description":"Discover our available purchase methods, including secure payment options and flexible checkout processes for a smooth shopping experience.","robots":{"index":"index","follow":"follow","max-snippet":"max-snippet:-1","max-image-preview":"max-image-preview:large","max-video-preview":"max-video-preview:-1"},"canonical":"https:\/\/www.ae2-arco.es\/en\/purchase-methods\/","og_locale":"en_US","og_type":"article","og_title":"PURCHASE METHODS - Ae2-arco","og_description":"Discover our available purchase methods, including secure payment options and flexible checkout processes for a smooth shopping experience.","og_url":"https:\/\/www.ae2-arco.es\/en\/purchase-methods\/","og_site_name":"Ae2-arco","article_modified_time":"2025-06-16T14:09:36+00:00","twitter_card":"summary_large_image","twitter_misc":{"Est. reading time":"2 minutes"},"schema":{"@context":"https:\/\/schema.org","@graph":[{"@type":"WebPage","@id":"https:\/\/www.ae2-arco.es\/en\/purchase-methods\/","url":"https:\/\/www.ae2-arco.es\/en\/purchase-methods\/","name":"PURCHASE METHODS - Ae2-arco","isPartOf":{"@id":"https:\/\/www.ae2-arco.es\/en\/#website"},"datePublished":"2018-04-24T07:53:08+00:00","dateModified":"2025-06-16T14:09:36+00:00","description":"Discover our available purchase methods, including secure payment options and flexible checkout processes for a smooth shopping experience.","breadcrumb":{"@id":"https:\/\/www.ae2-arco.es\/en\/purchase-methods\/#breadcrumb"},"inLanguage":"en-US","potentialAction":[{"@type":"ReadAction","target":["https:\/\/www.ae2-arco.es\/en\/purchase-methods\/"]}]},{"@type":"BreadcrumbList","@id":"https:\/\/www.ae2-arco.es\/en\/purchase-methods\/#breadcrumb","itemListElement":[{"@type":"ListItem","position":1,"name":"Portada","item":"https:\/\/www.ae2-arco.es\/en\/"},{"@type":"ListItem","position":2,"name":"PURCHASE METHODS"}]},{"@type":"WebSite","@id":"https:\/\/www.ae2-arco.es\/en\/#website","url":"https:\/\/www.ae2-arco.es\/en\/","name":"Ae2-arco","description":"Desarrollo y Dise\u00f1o","potentialAction":[{"@type":"SearchAction","target":{"@type":"EntryPoint","urlTemplate":"https:\/\/www.ae2-arco.es\/en\/?s={search_term_string}"},"query-input":{"@type":"PropertyValueSpecification","valueRequired":true,"valueName":"search_term_string"}}],"inLanguage":"en-US"}]}},"_links":{"self":[{"href":"https:\/\/www.ae2-arco.es\/en\/wp-json\/wp\/v2\/pages\/1045","targetHints":{"allow":["GET"]}}],"collection":[{"href":"https:\/\/www.ae2-arco.es\/en\/wp-json\/wp\/v2\/pages"}],"about":[{"href":"https:\/\/www.ae2-arco.es\/en\/wp-json\/wp\/v2\/types\/page"}],"author":[{"embeddable":true,"href":"https:\/\/www.ae2-arco.es\/en\/wp-json\/wp\/v2\/users\/1"}],"replies":[{"embeddable":true,"href":"https:\/\/www.ae2-arco.es\/en\/wp-json\/wp\/v2\/comments?post=1045"}],"version-history":[{"count":6,"href":"https:\/\/www.ae2-arco.es\/en\/wp-json\/wp\/v2\/pages\/1045\/revisions"}],"predecessor-version":[{"id":2551,"href":"https:\/\/www.ae2-arco.es\/en\/wp-json\/wp\/v2\/pages\/1045\/revisions\/2551"}],"wp:attachment":[{"href":"https:\/\/www.ae2-arco.es\/en\/wp-json\/wp\/v2\/media?parent=1045"}],"curies":[{"name":"wp","href":"https:\/\/api.w.org\/{rel}","templated":true}]}}